{"id":1169,"date":"2024-11-06T12:01:09","date_gmt":"2024-11-06T11:01:09","guid":{"rendered":"https:\/\/amarinacamarinas.es\/?page_id=1169"},"modified":"2024-11-06T13:05:02","modified_gmt":"2024-11-06T12:05:02","slug":"blog","status":"publish","type":"page","link":"https:\/\/amarinacamarinas.es\/en\/blog\/","title":{"rendered":"Blog"},"content":{"rendered":"<div data-elementor-type=\"wp-page\" data-elementor-id=\"1169\" class=\"elementor elementor-1169\" data-elementor-post-type=\"page\">\n\t\t\t\t<div class=\"elementor-element elementor-element-4e4ac87 e-con-full e-flex e-con e-parent\" data-id=\"4e4ac87\" data-element_type=\"container\" data-e-type=\"container\" data-settings=\"{&quot;jet_parallax_layout_list&quot;:[]}\">\n\t\t<div class=\"elementor-element elementor-element-30b1e09 e-con-full e-flex e-con e-child\" data-id=\"30b1e09\" data-element_type=\"container\" data-e-type=\"container\" data-settings=\"{&quot;jet_parallax_layout_list&quot;:[]}\">\n\t\t<div class=\"elementor-element elementor-element-bab15d8 e-con-full e-flex e-con e-child\" data-id=\"bab15d8\" data-element_type=\"container\" data-e-type=\"container\" data-settings=\"{&quot;jet_parallax_layout_list&quot;:[]}\">\n\t\t<div class=\"elementor-element elementor-element-9862702 e-con-full e-flex e-con e-child\" data-id=\"9862702\" data-element_type=\"container\" data-e-type=\"container\" data-settings=\"{&quot;jet_parallax_layout_list&quot;:[]}\">\n\t\t\t\t<div class=\"elementor-element elementor-element-2a53881 elementor-widget elementor-widget-heading\" data-id=\"2a53881\" data-element_type=\"widget\" data-e-type=\"widget\" data-widget_type=\"heading.default\">\n\t\t\t\t<div class=\"elementor-widget-container\">\n\t\t\t\t\t<p class=\"elementor-heading-title elementor-size-default\">Entradas recientes<\/p>\t\t\t\t<\/div>\n\t\t\t\t<\/div>\n\t\t\t\t<div class=\"elementor-element elementor-element-2000252 elementor-widget elementor-widget-heading\" data-id=\"2000252\" data-element_type=\"widget\" data-e-type=\"widget\" data-widget_type=\"heading.default\">\n\t\t\t\t<div class=\"elementor-widget-container\">\n\t\t\t\t\t<h2 class=\"elementor-heading-title elementor-size-default\">Nuestro blog<\/h2>\t\t\t\t<\/div>\n\t\t\t\t<\/div>\n\t\t\t\t<div class=\"elementor-element elementor-element-bc18596 elementor-widget elementor-widget-text-editor\" data-id=\"bc18596\" data-element_type=\"widget\" data-e-type=\"widget\" data-widget_type=\"text-editor.default\">\n\t\t\t\t<div class=\"elementor-widget-container\">\n\t\t\t\t\t\t\t\t\t<p>Enjoy the experience with a selection of our most popular dishes. Ask our staff about the catch of the day.<\/p>\t\t\t\t\t\t\t\t<\/div>\n\t\t\t\t<\/div>\n\t\t\t\t<\/div>\n\t\t\t\t<\/div>\n\t\t<div class=\"elementor-element elementor-element-ffbcd6c e-con-full e-flex e-con e-child\" data-id=\"ffbcd6c\" data-element_type=\"container\" data-e-type=\"container\" data-settings=\"{&quot;jet_parallax_layout_list&quot;:[]}\">\n\t\t<div class=\"elementor-element elementor-element-2a6570d e-con-full e-flex e-con e-child\" data-id=\"2a6570d\" data-element_type=\"container\" data-e-type=\"container\" data-settings=\"{&quot;jet_parallax_layout_list&quot;:[]}\">\n\t\t<div class=\"elementor-element elementor-element-ebb2a47 e-con-full e-flex e-con e-child\" data-id=\"ebb2a47\" data-element_type=\"container\" data-e-type=\"container\" data-settings=\"{&quot;background_background&quot;:&quot;classic&quot;,&quot;jet_parallax_layout_list&quot;:[]}\">\n\t\t\t\t<div class=\"elementor-element elementor-element-2b28fb1 elementor-grid-2 elementor-grid-tablet-2 elementor-grid-mobile-1 elementor-posts--thumbnail-top elementor-widget elementor-widget-posts\" data-id=\"2b28fb1\" data-element_type=\"widget\" data-e-type=\"widget\" data-settings=\"{&quot;classic_columns&quot;:&quot;2&quot;,&quot;classic_columns_tablet&quot;:&quot;2&quot;,&quot;classic_columns_mobile&quot;:&quot;1&quot;,&quot;classic_row_gap&quot;:{&quot;unit&quot;:&quot;px&quot;,&quot;size&quot;:35,&quot;sizes&quot;:[]},&quot;classic_row_gap_tablet&quot;:{&quot;unit&quot;:&quot;px&quot;,&quot;size&quot;:&quot;&quot;,&quot;sizes&quot;:[]},&quot;classic_row_gap_mobile&quot;:{&quot;unit&quot;:&quot;px&quot;,&quot;size&quot;:&quot;&quot;,&quot;sizes&quot;:[]}}\" data-widget_type=\"posts.classic\">\n\t\t\t\t<div class=\"elementor-widget-container\">\n\t\t\t\t\t\t\t<div class=\"elementor-posts-container elementor-posts elementor-posts--skin-classic elementor-grid\" role=\"list\">\n\t\t\t\t<article class=\"elementor-post elementor-grid-item post-1453 post type-post status-publish format-standard has-post-thumbnail hentry category-blog\" role=\"listitem\">\n\t\t\t\t<a class=\"elementor-post__thumbnail__link\" href=\"https:\/\/amarinacamarinas.es\/en\/blog\/cuales-son-los-mejores-vinos-para-la-carne-de-cerdo\/\" tabindex=\"-1\" >\n\t\t\t<div class=\"elementor-post__thumbnail\"><img fetchpriority=\"high\" decoding=\"async\" width=\"768\" height=\"546\" src=\"https:\/\/amarinacamarinas.es\/wp-content\/uploads\/platos-carta-78-768x546.jpg\" class=\"attachment-medium_large size-medium_large wp-image-277\" alt=\"Fotos de los platos de la carta del Restaurante A Marina de Camari\u00f1as\" srcset=\"https:\/\/amarinacamarinas.es\/wp-content\/uploads\/platos-carta-78-768x546.jpg 768w, https:\/\/amarinacamarinas.es\/wp-content\/uploads\/platos-carta-78-300x213.jpg 300w, https:\/\/amarinacamarinas.es\/wp-content\/uploads\/platos-carta-78-1024x728.jpg 1024w, https:\/\/amarinacamarinas.es\/wp-content\/uploads\/platos-carta-78.jpg 1500w\" sizes=\"(max-width: 768px) 100vw, 768px\" \/><\/div>\n\t\t<\/a>\n\t\t\t\t<div class=\"elementor-post__text\">\n\t\t\t\t<h3 class=\"elementor-post__title\">\n\t\t\t<a href=\"https:\/\/amarinacamarinas.es\/en\/blog\/cuales-son-los-mejores-vinos-para-la-carne-de-cerdo\/\" >\n\t\t\t\tLos mejores vinos para acompa\u00f1ar el cocido y la carne de cerdo\t\t\t<\/a>\n\t\t<\/h3>\n\t\t\t\t<div class=\"elementor-post__meta-data\">\n\t\t\t\t\t<span class=\"elementor-post-date\">\n\t\t\t19 de January de 2026\t\t<\/span>\n\t\t\t\t<\/div>\n\t\t\t\t<div class=\"elementor-post__excerpt\">\n\t\t\t<p>Tenemos claro que para las carnes rojas siempre es mejor elegir un buen vino, y de ellos un rioja siempre es el m\u00e1s adecuado. Sin<\/p>\n\t\t<\/div>\n\t\t\n\t\t<a class=\"elementor-post__read-more\" href=\"https:\/\/amarinacamarinas.es\/en\/blog\/cuales-son-los-mejores-vinos-para-la-carne-de-cerdo\/\" aria-label=\"Read more about Los mejores vinos para acompa\u00f1ar el cocido y la carne de cerdo\" tabindex=\"-1\" >\n\t\t\tLeer m\u00e1s \u00bb\t\t<\/a>\n\n\t\t\t\t<\/div>\n\t\t\t\t<\/article>\n\t\t\t\t<article class=\"elementor-post elementor-grid-item post-1535 post type-post status-publish format-standard has-post-thumbnail hentry category-blog\" role=\"listitem\">\n\t\t\t\t<a class=\"elementor-post__thumbnail__link\" href=\"https:\/\/amarinacamarinas.es\/en\/blog\/por-que-los-berberechos-tienen-arena-y-porque-por-eso-es-mejor-comerlos-en-restaurante\/\" tabindex=\"-1\" >\n\t\t\t<div class=\"elementor-post__thumbnail\"><img decoding=\"async\" width=\"768\" height=\"614\" src=\"https:\/\/amarinacamarinas.es\/wp-content\/uploads\/fotos-antiguas-007-768x614.jpg\" class=\"attachment-medium_large size-medium_large wp-image-421\" alt=\"Fotos antiguas del Restaurante A Marina de Camari\u00f1as\" srcset=\"https:\/\/amarinacamarinas.es\/wp-content\/uploads\/fotos-antiguas-007-768x614.jpg 768w, https:\/\/amarinacamarinas.es\/wp-content\/uploads\/fotos-antiguas-007-300x240.jpg 300w, https:\/\/amarinacamarinas.es\/wp-content\/uploads\/fotos-antiguas-007-1024x819.jpg 1024w, https:\/\/amarinacamarinas.es\/wp-content\/uploads\/fotos-antiguas-007.jpg 1200w\" sizes=\"(max-width: 768px) 100vw, 768px\" \/><\/div>\n\t\t<\/a>\n\t\t\t\t<div class=\"elementor-post__text\">\n\t\t\t\t<h3 class=\"elementor-post__title\">\n\t\t\t<a href=\"https:\/\/amarinacamarinas.es\/en\/blog\/por-que-los-berberechos-tienen-arena-y-porque-por-eso-es-mejor-comerlos-en-restaurante\/\" >\n\t\t\t\tPor qu\u00e9 los berberechos tienen arena, y por qu\u00e9 por eso es mejor comerlos en restaurante\t\t\t<\/a>\n\t\t<\/h3>\n\t\t\t\t<div class=\"elementor-post__meta-data\">\n\t\t\t\t\t<span class=\"elementor-post-date\">\n\t\t\t14 de January de 2026\t\t<\/span>\n\t\t\t\t<\/div>\n\t\t\t\t<div class=\"elementor-post__excerpt\">\n\t\t\t<p>El berberecho es todo un manjar, pero los que los compran y los llevan a casa, a veces descubren sorprendidos que en su interior hay<\/p>\n\t\t<\/div>\n\t\t\n\t\t<a class=\"elementor-post__read-more\" href=\"https:\/\/amarinacamarinas.es\/en\/blog\/por-que-los-berberechos-tienen-arena-y-porque-por-eso-es-mejor-comerlos-en-restaurante\/\" aria-label=\"Read more about Por qu\u00e9 los berberechos tienen arena, y por qu\u00e9 por eso es mejor comerlos en restaurante\" tabindex=\"-1\" >\n\t\t\tLeer m\u00e1s \u00bb\t\t<\/a>\n\n\t\t\t\t<\/div>\n\t\t\t\t<\/article>\n\t\t\t\t<article class=\"elementor-post elementor-grid-item post-1533 post type-post status-publish format-standard has-post-thumbnail hentry category-blog\" role=\"listitem\">\n\t\t\t\t<a class=\"elementor-post__thumbnail__link\" href=\"https:\/\/amarinacamarinas.es\/en\/blog\/por-que-el-pulpo-gallego-a-feira-se-come-con-palillos-y-comerlo-en-camarinas-lo-vuelve-exquisito\/\" tabindex=\"-1\" >\n\t\t\t<div class=\"elementor-post__thumbnail\"><img decoding=\"async\" width=\"768\" height=\"512\" src=\"https:\/\/amarinacamarinas.es\/wp-content\/uploads\/platos-carta-101-768x512.jpg\" class=\"attachment-medium_large size-medium_large wp-image-300\" alt=\"Platos De La Carta Del Restaurante A Marina De Camari\u00f1as para tapear\" srcset=\"https:\/\/amarinacamarinas.es\/wp-content\/uploads\/platos-carta-101-768x512.jpg 768w, https:\/\/amarinacamarinas.es\/wp-content\/uploads\/platos-carta-101-300x200.jpg 300w, https:\/\/amarinacamarinas.es\/wp-content\/uploads\/platos-carta-101-1024x683.jpg 1024w, https:\/\/amarinacamarinas.es\/wp-content\/uploads\/platos-carta-101.jpg 1500w\" sizes=\"(max-width: 768px) 100vw, 768px\" \/><\/div>\n\t\t<\/a>\n\t\t\t\t<div class=\"elementor-post__text\">\n\t\t\t\t<h3 class=\"elementor-post__title\">\n\t\t\t<a href=\"https:\/\/amarinacamarinas.es\/en\/blog\/por-que-el-pulpo-gallego-a-feira-se-come-con-palillos-y-comerlo-en-camarinas-lo-vuelve-exquisito\/\" >\n\t\t\t\tPor qu\u00e9 el pulpo gallego a feira se come con palillos: \u00aby comerlo en Camari\u00f1as lo vuelve exquisito\u00bb\t\t\t<\/a>\n\t\t<\/h3>\n\t\t\t\t<div class=\"elementor-post__meta-data\">\n\t\t\t\t\t<span class=\"elementor-post-date\">\n\t\t\t5 de January de 2026\t\t<\/span>\n\t\t\t\t<\/div>\n\t\t\t\t<div class=\"elementor-post__excerpt\">\n\t\t\t<p>\u00bfTe preguntas por qu\u00e9 el pulpo se come con palillos de madera? Quien haya comido pulpo a feira en una romer\u00eda, en una carpa de<\/p>\n\t\t<\/div>\n\t\t\n\t\t<a class=\"elementor-post__read-more\" href=\"https:\/\/amarinacamarinas.es\/en\/blog\/por-que-el-pulpo-gallego-a-feira-se-come-con-palillos-y-comerlo-en-camarinas-lo-vuelve-exquisito\/\" aria-label=\"Read more about Por qu\u00e9 el pulpo gallego a feira se come con palillos: \u00aby comerlo en Camari\u00f1as lo vuelve exquisito\u00bb\" tabindex=\"-1\" >\n\t\t\tLeer m\u00e1s \u00bb\t\t<\/a>\n\n\t\t\t\t<\/div>\n\t\t\t\t<\/article>\n\t\t\t\t<article class=\"elementor-post elementor-grid-item post-1462 post type-post status-publish format-standard has-post-thumbnail hentry category-blog\" role=\"listitem\">\n\t\t\t\t<a class=\"elementor-post__thumbnail__link\" href=\"https:\/\/amarinacamarinas.es\/en\/blog\/beneficios-del-mar-para-la-mente-y-por-que-relaja-tanto-comer-cerca-de-su-influencia\/\" tabindex=\"-1\" >\n\t\t\t<div class=\"elementor-post__thumbnail\"><img loading=\"lazy\" decoding=\"async\" width=\"768\" height=\"512\" src=\"https:\/\/amarinacamarinas.es\/wp-content\/uploads\/instalaciones-41-768x512.jpg\" class=\"attachment-medium_large size-medium_large wp-image-228\" alt=\"Instalaciones del Resturante A Marina\" srcset=\"https:\/\/amarinacamarinas.es\/wp-content\/uploads\/instalaciones-41-768x512.jpg 768w, https:\/\/amarinacamarinas.es\/wp-content\/uploads\/instalaciones-41-300x200.jpg 300w, https:\/\/amarinacamarinas.es\/wp-content\/uploads\/instalaciones-41-1024x683.jpg 1024w, https:\/\/amarinacamarinas.es\/wp-content\/uploads\/instalaciones-41.jpg 1500w\" sizes=\"(max-width: 768px) 100vw, 768px\" \/><\/div>\n\t\t<\/a>\n\t\t\t\t<div class=\"elementor-post__text\">\n\t\t\t\t<h3 class=\"elementor-post__title\">\n\t\t\t<a href=\"https:\/\/amarinacamarinas.es\/en\/blog\/beneficios-del-mar-para-la-mente-y-por-que-relaja-tanto-comer-cerca-de-su-influencia\/\" >\n\t\t\t\tD\u00f3nde comer cerca del mar: \u00aben A Costa da Morte, solo hay una elecci\u00f3n posible\u00bb\t\t\t<\/a>\n\t\t<\/h3>\n\t\t\t\t<div class=\"elementor-post__meta-data\">\n\t\t\t\t\t<span class=\"elementor-post-date\">\n\t\t\t22 de December de 2025\t\t<\/span>\n\t\t\t\t<\/div>\n\t\t\t\t<div class=\"elementor-post__excerpt\">\n\t\t\t<p>El mar no solo es beneficioso para la piel. Todos sabemos que su temperatura ayuda a regular los niveles de cortisol, es bueno para el<\/p>\n\t\t<\/div>\n\t\t\n\t\t<a class=\"elementor-post__read-more\" href=\"https:\/\/amarinacamarinas.es\/en\/blog\/beneficios-del-mar-para-la-mente-y-por-que-relaja-tanto-comer-cerca-de-su-influencia\/\" aria-label=\"Read more about D\u00f3nde comer cerca del mar: \u00aben A Costa da Morte, solo hay una elecci\u00f3n posible\u00bb\" tabindex=\"-1\" >\n\t\t\tLeer m\u00e1s \u00bb\t\t<\/a>\n\n\t\t\t\t<\/div>\n\t\t\t\t<\/article>\n\t\t\t\t<article class=\"elementor-post elementor-grid-item post-1209 post type-post status-publish format-standard has-post-thumbnail hentry category-blog\" role=\"listitem\">\n\t\t\t\t<a class=\"elementor-post__thumbnail__link\" href=\"https:\/\/amarinacamarinas.es\/en\/blog\/cenar-en-camarinas-buen-marisco-al-lado-del-mar-es-un-lujo-que-te-puedes-permitir\/\" tabindex=\"-1\" >\n\t\t\t<div class=\"elementor-post__thumbnail\"><img loading=\"lazy\" decoding=\"async\" width=\"768\" height=\"512\" src=\"https:\/\/amarinacamarinas.es\/wp-content\/uploads\/cocinando-004-768x512.jpg\" class=\"attachment-medium_large size-medium_large wp-image-334\" alt=\"donde comer marisco en costa da morte\" srcset=\"https:\/\/amarinacamarinas.es\/wp-content\/uploads\/cocinando-004-768x512.jpg 768w, https:\/\/amarinacamarinas.es\/wp-content\/uploads\/cocinando-004-300x200.jpg 300w, https:\/\/amarinacamarinas.es\/wp-content\/uploads\/cocinando-004-1024x683.jpg 1024w, https:\/\/amarinacamarinas.es\/wp-content\/uploads\/cocinando-004.jpg 1500w\" sizes=\"(max-width: 768px) 100vw, 768px\" \/><\/div>\n\t\t<\/a>\n\t\t\t\t<div class=\"elementor-post__text\">\n\t\t\t\t<h3 class=\"elementor-post__title\">\n\t\t\t<a href=\"https:\/\/amarinacamarinas.es\/en\/blog\/cenar-en-camarinas-buen-marisco-al-lado-del-mar-es-un-lujo-que-te-puedes-permitir\/\" >\n\t\t\t\tD\u00f3nde cenar en Camari\u00f1as en un restaurante con vistas al mar\t\t\t<\/a>\n\t\t<\/h3>\n\t\t\t\t<div class=\"elementor-post__meta-data\">\n\t\t\t\t\t<span class=\"elementor-post-date\">\n\t\t\t18 de December de 2025\t\t<\/span>\n\t\t\t\t<\/div>\n\t\t\t\t<div class=\"elementor-post__excerpt\">\n\t\t\t<p>Cenar un buen marisco en Camari\u00f1as en un ambiente rom\u00e1ntico, c\u00f3modo y acogedor, al lado del mar y con la intimidad que necesitas es un<\/p>\n\t\t<\/div>\n\t\t\n\t\t<a class=\"elementor-post__read-more\" href=\"https:\/\/amarinacamarinas.es\/en\/blog\/cenar-en-camarinas-buen-marisco-al-lado-del-mar-es-un-lujo-que-te-puedes-permitir\/\" aria-label=\"Read more about D\u00f3nde cenar en Camari\u00f1as en un restaurante con vistas al mar\" tabindex=\"-1\" >\n\t\t\tLeer m\u00e1s \u00bb\t\t<\/a>\n\n\t\t\t\t<\/div>\n\t\t\t\t<\/article>\n\t\t\t\t<article class=\"elementor-post elementor-grid-item post-1521 post type-post status-publish format-standard has-post-thumbnail hentry category-blog\" role=\"listitem\">\n\t\t\t\t<a class=\"elementor-post__thumbnail__link\" href=\"https:\/\/amarinacamarinas.es\/en\/blog\/centollo-o-buey-de-mar-cual-es-mejor-y-cual-has-de-pedir-en-nuestro-restaurante\/\" tabindex=\"-1\" >\n\t\t\t<div class=\"elementor-post__thumbnail\"><img loading=\"lazy\" decoding=\"async\" width=\"768\" height=\"762\" src=\"https:\/\/amarinacamarinas.es\/wp-content\/uploads\/IMG_20230801_142029_edit_23288199753217-768x762.webp\" class=\"attachment-medium_large size-medium_large wp-image-1212\" alt=\"D\u00f3nde comer barato en Camari\u00f1as en un restaurante con encanto\" srcset=\"https:\/\/amarinacamarinas.es\/wp-content\/uploads\/IMG_20230801_142029_edit_23288199753217-768x762.webp 768w, https:\/\/amarinacamarinas.es\/wp-content\/uploads\/IMG_20230801_142029_edit_23288199753217-300x298.webp 300w, https:\/\/amarinacamarinas.es\/wp-content\/uploads\/IMG_20230801_142029_edit_23288199753217-1024x1016.webp 1024w, https:\/\/amarinacamarinas.es\/wp-content\/uploads\/IMG_20230801_142029_edit_23288199753217-150x150.webp 150w, https:\/\/amarinacamarinas.es\/wp-content\/uploads\/IMG_20230801_142029_edit_23288199753217-12x12.webp 12w, https:\/\/amarinacamarinas.es\/wp-content\/uploads\/IMG_20230801_142029_edit_23288199753217.webp 1028w\" sizes=\"(max-width: 768px) 100vw, 768px\" \/><\/div>\n\t\t<\/a>\n\t\t\t\t<div class=\"elementor-post__text\">\n\t\t\t\t<h3 class=\"elementor-post__title\">\n\t\t\t<a href=\"https:\/\/amarinacamarinas.es\/en\/blog\/centollo-o-buey-de-mar-cual-es-mejor-y-cual-has-de-pedir-en-nuestro-restaurante\/\" >\n\t\t\t\t\u00bfCentollo o buey de mar? \u00bfCu\u00e1l es mejor y cu\u00e1l has de pedir en nuestro restaurante?\t\t\t<\/a>\n\t\t<\/h3>\n\t\t\t\t<div class=\"elementor-post__meta-data\">\n\t\t\t\t\t<span class=\"elementor-post-date\">\n\t\t\t30 de November de 2025\t\t<\/span>\n\t\t\t\t<\/div>\n\t\t\t\t<div class=\"elementor-post__excerpt\">\n\t\t\t<p>El centollo y el buey de mar son dos tipos de crustaceos, dos tipos de deliciosos \u00abcangrejos\u00bb que son muy pero que muy pedidos cuando<\/p>\n\t\t<\/div>\n\t\t\n\t\t<a class=\"elementor-post__read-more\" href=\"https:\/\/amarinacamarinas.es\/en\/blog\/centollo-o-buey-de-mar-cual-es-mejor-y-cual-has-de-pedir-en-nuestro-restaurante\/\" aria-label=\"Read more about \u00bfCentollo o buey de mar? \u00bfCu\u00e1l es mejor y cu\u00e1l has de pedir en nuestro restaurante?\" tabindex=\"-1\" >\n\t\t\tLeer m\u00e1s \u00bb\t\t<\/a>\n\n\t\t\t\t<\/div>\n\t\t\t\t<\/article>\n\t\t\t\t<\/div>\n\t\t\n\t\t\t\t\t\t<\/div>\n\t\t\t\t<\/div>\n\t\t\t\t<\/div>\n\t\t\t\t<\/div>\n\t\t\t\t<\/div>\n\t\t\t\t<\/div>\n\t\t\t\t<\/div>\n\t\t\t\t<\/div>","protected":false},"excerpt":{"rendered":"<p>Entradas recientes Nuestro blog Disfruta de la experiencia con una selecci\u00f3n de nuestros platos m\u00e1s demandados. Pregunta a nuestro personal por los pescados del d\u00eda.<\/p>","protected":false},"author":3,"featured_media":0,"parent":0,"menu_order":0,"comment_status":"closed","ping_status":"closed","template":"elementor_header_footer","meta":{"slim_seo":{"title":"\u00bfCentollo o buey de mar? \u00bfCu\u00e1l es mejor y cu\u00e1l has de pedir en nuestro restaurante? - Restaurante A Marina de Camari\u00f1as","description":"El centollo y el buey de mar son dos tipos de crustaceos, dos tipos de deliciosos \"cangrejos\" que son muy pero que muy pedidos cuando se viene a comer a Galicia"},"footnotes":""},"class_list":["post-1169","page","type-page","status-publish","hentry"],"_links":{"self":[{"href":"https:\/\/amarinacamarinas.es\/en\/wp-json\/wp\/v2\/pages\/1169","targetHints":{"allow":["GET"]}}],"collection":[{"href":"https:\/\/amarinacamarinas.es\/en\/wp-json\/wp\/v2\/pages"}],"about":[{"href":"https:\/\/amarinacamarinas.es\/en\/wp-json\/wp\/v2\/types\/page"}],"author":[{"embeddable":true,"href":"https:\/\/amarinacamarinas.es\/en\/wp-json\/wp\/v2\/users\/3"}],"replies":[{"embeddable":true,"href":"https:\/\/amarinacamarinas.es\/en\/wp-json\/wp\/v2\/comments?post=1169"}],"version-history":[{"count":0,"href":"https:\/\/amarinacamarinas.es\/en\/wp-json\/wp\/v2\/pages\/1169\/revisions"}],"wp:attachment":[{"href":"https:\/\/amarinacamarinas.es\/en\/wp-json\/wp\/v2\/media?parent=1169"}],"curies":[{"name":"wp","href":"https:\/\/api.w.org\/{rel}","templated":true}]}}