{"id":1486,"date":"2025-12-11T12:42:12","date_gmt":"2025-12-11T11:42:12","guid":{"rendered":"https:\/\/amarinacamarinas.es\/?page_id=1486"},"modified":"2025-12-11T12:42:12","modified_gmt":"2025-12-11T11:42:12","slug":"la-historia-del-encaje-de-camarinas-patrimonio-de-nuestro-pueblo","status":"publish","type":"page","link":"https:\/\/amarinacamarinas.es\/en\/la-historia-del-encaje-de-camarinas-patrimonio-de-nuestro-pueblo\/","title":{"rendered":"Encaje de Camari\u00f1as, una historia que es patrimonio de todos los gallegos"},"content":{"rendered":"<p>El encaje de Camari\u00f1as atrae a much\u00edsimo turismo a nuestro precioso pueblo al borde del mar. Por supuesto, eso nos encanta porque luego eligen nuestro restaurante para reponer fuerzas comiendo un estupendo marisco o un plato de carne de primera. En todo Camari\u00f1as conocemos la historia del encaje, pero cuando la descubren los que vienen a visitarnos, se sorprenden.<\/p>\n\n\n\n<!--more-->\n\n\n\n<p>Mucha gente piensa <strong>que el encaje de Camari\u00f1as se origin\u00f3 aqu\u00ed<\/strong>, pero en realidad es fruto de un intercambio comercial y cultural con los Pa\u00edses Bajos. Esto es precioso, porque nos ayuda a comprender que el arte siempre se salta las fronteras o las limitaciones idiom\u00e1ticas. La t\u00e9cnica originaria del encaje lleg\u00f3 a Camari\u00f1as entre los siglos XVI y XVII. Una vez que las artistas del encaje lo descubrieron, lo que hicieron fue perfeccionarlo m\u00e1s y m\u00e1s hasta desarrollar una t\u00e9cnica propia reconocida a nivel internacional.<\/p>\n\n\n\n<p>En la actualidad, el encaje de Camari\u00f1as no solo produce obras espectaculares, sino que verlo en directo es todo un placer. Ver a las palilleiras de Camari\u00f1as mover sus manos a toda velocidad mientras el encaje se produce es espectacular. En Camari\u00f1as se celebra <a href=\"https:\/\/mostra.es\/es\/\" title=\"\">A Mostra do Encaixe a lo largo de abril<\/a>, normalmente. Por eso ese el mes perfecto para venir a comer a nuestro restaurante y aprovechar a ver la historia del encaje en su m\u00e1ximo apogeo. <\/p>\n\n\n\n<figure class=\"wp-block-embed is-type-video is-provider-youtube wp-block-embed-youtube wp-embed-aspect-16-9 wp-has-aspect-ratio\"><div class=\"wp-block-embed__wrapper\">\n<iframe title=\"Encaje de Camari\u00f1as\" width=\"800\" height=\"450\" src=\"https:\/\/www.youtube.com\/embed\/b_rUH-dvGV4?feature=oembed\" frameborder=\"0\" allow=\"accelerometer; autoplay; clipboard-write; encrypted-media; gyroscope; picture-in-picture; web-share\" referrerpolicy=\"strict-origin-when-cross-origin\" allowfullscreen><\/iframe>\n<\/div><\/figure>\n\n\n\n<h2 class=\"wp-block-heading\">La historia del encaje en Camari\u00f1as nos remonta a varios siglos atr\u00e1s<\/h2>\n\n\n\n<p>La supervivencia del encaje hecho a mano por artesanas tiene a d\u00eda de hoy m\u00e1s valor que nunca, ya que la producci\u00f3n parece estar orientada a la eliminaci\u00f3n del humano y a la producci\u00f3n industrial, pero las palilleiras, como las personas que recogen las almejas y <strong>los percebes que servimos en nuestra mesa<\/strong>, reivindican la magia que existe al hacer las cosas a mano. Y eso es lo que nos gusta en Camari\u00f1as. Las cosas hechas bien, con cari\u00f1o y con una gran historia detr\u00e1s. <\/p>","protected":false},"excerpt":{"rendered":"<p>El encaje de Camari\u00f1as atrae a much\u00edsimo turismo a nuestro precioso pueblo al borde del mar. Por supuesto, eso nos encanta porque luego eligen nuestro restaurante para reponer fuerzas comiendo un estupendo marisco o un plato de carne de primera. En todo Camari\u00f1as conocemos la historia del encaje, pero cuando la descubren los que vienen [&hellip;]<\/p>\n","protected":false},"author":3,"featured_media":421,"parent":0,"menu_order":0,"comment_status":"closed","ping_status":"closed","template":"","meta":{"slim_seo":{"title":"Encaje de Camari\u00f1as, una historia que es patrimonio de todos los gallegos - Restaurante A Marina de Camari\u00f1as","description":"El encaje de Camari\u00f1as atrae a much\u00edsimo turismo a nuestro precioso pueblo al borde del mar. Por supuesto, eso nos encanta porque luego eligen nuestro restauran"},"footnotes":""},"class_list":["post-1486","page","type-page","status-publish","has-post-thumbnail","hentry"],"_links":{"self":[{"href":"https:\/\/amarinacamarinas.es\/en\/wp-json\/wp\/v2\/pages\/1486","targetHints":{"allow":["GET"]}}],"collection":[{"href":"https:\/\/amarinacamarinas.es\/en\/wp-json\/wp\/v2\/pages"}],"about":[{"href":"https:\/\/amarinacamarinas.es\/en\/wp-json\/wp\/v2\/types\/page"}],"author":[{"embeddable":true,"href":"https:\/\/amarinacamarinas.es\/en\/wp-json\/wp\/v2\/users\/3"}],"replies":[{"embeddable":true,"href":"https:\/\/amarinacamarinas.es\/en\/wp-json\/wp\/v2\/comments?post=1486"}],"version-history":[{"count":0,"href":"https:\/\/amarinacamarinas.es\/en\/wp-json\/wp\/v2\/pages\/1486\/revisions"}],"wp:featuredmedia":[{"embeddable":true,"href":"https:\/\/amarinacamarinas.es\/en\/wp-json\/wp\/v2\/media\/421"}],"wp:attachment":[{"href":"https:\/\/amarinacamarinas.es\/en\/wp-json\/wp\/v2\/media?parent=1486"}],"curies":[{"name":"wp","href":"https:\/\/api.w.org\/{rel}","templated":true}]}}