{"id":538,"date":"2023-05-21T17:50:50","date_gmt":"2023-05-21T15:50:50","guid":{"rendered":"https:\/\/amarinacamarinas.es\/?page_id=538"},"modified":"2023-05-24T22:09:45","modified_gmt":"2023-05-24T20:09:45","slug":"politica-de-accesibilidad","status":"publish","type":"page","link":"https:\/\/amarinacamarinas.es\/en\/politica-de-accesibilidad\/","title":{"rendered":"Pol\u00edtica de Accesibilidad"},"content":{"rendered":"\n<p>La empresa \u00d3scar Manuel Freire Tajes se ha comprometido a hacer accesible su sitio web de conformidad con el Real Decreto 1112\/2018, de 7 de septiembre, sobre accesibilidad de los sitios web y aplicaciones para dispositivos m\u00f3viles del sector p\u00fablico, o desarrollos financiados desde Europa.<\/p>\n\n\n\n<p>La presente declaraci\u00f3n de accesibilidad se aplica al sitio web&nbsp;<a href=\"https:\/\/amarinacamarinas.es\/\">https:\/\/amarinacamarinas.es\/<\/a> excluyendo los contenidos incrustados provenientes de otros dominios.<\/p>\n\n\n\n<p><strong>Situaci\u00f3n de cumplimiento<\/strong><\/p>\n\n\n\n<p>Este sitio web es Parcialmente conforme con el RD 1112\/2018 debido a la falta de conformidad de los aspectos que se indican a continuaci\u00f3n.<\/p>\n\n\n\n<p><strong>Contenido no accesible<\/strong><\/p>\n\n\n\n<p>El contenido que se recoge a continuaci\u00f3n no es accesible por los siguientes motivos:<\/p>\n\n\n\n<ul class=\"wp-block-list\">\n<li>Falta de conformidad:\n<ul class=\"wp-block-list\">\n<li>Pueden existir algunas im\u00e1genes cuya alternativa no est\u00e9 implementada o no sea correcta &#8211; \u2013 Requisito 9.1.1.1 Contenido no textual UNE-EN 301549:2022<\/li>\n\n\n\n<li>Puede existir elementos de encabezado incorrectamente implementados, o cuyo orden l\u00f3gico no sea el correcto &#8211; Requisito n\u00famero 9.1.3.1 Informaci\u00f3n y relaciones de UNE-EN 301549:2022<\/li>\n\n\n\n<li>En los formularios, puede haber campos que no se hayan facilitado su rellenado a trav\u00e9s de sistemas autom\u00e1ticos \u2013 Requisito 9.1.3.5 Identificar el prop\u00f3sito de la entrada UNE-EN 301549:2022<\/li>\n\n\n\n<li>Pueden existir encabezados que no sean claros o breves, o que no deber\u00edan ser encabezados \u2013 Requisito n\u00famero 9.2.4.6 Encabezados y etiquetas de UNE-EN 301549:2022<\/li>\n\n\n\n<li>El formulario de compra, no avisa de que haya campos incorrectos o sin rellenar &#8211; Requisito n\u00famero 9.3.3.3 Sugerencias ante errores de UNE-EN 301549:2020<\/li>\n\n\n\n<li>Podr\u00edan existir fallos puntuales de edici\u00f3n en alguna p\u00e1gina web.<\/li>\n<\/ul>\n<\/li>\n\n\n\n<li>Carga desproporcionada: No resulta aplicable.<\/li>\n\n\n\n<li>El contenido no entra dentro del \u00e1mbito de la legislaci\u00f3n aplicable.<\/li>\n<\/ul>\n\n\n\n<p>Podr\u00edan existir archivos ofim\u00e1ticos en PDF u otros formatos publicados antes del 20 de septiembre de 2018 que no cumplan en su totalidad todos los requisitos de accesibilidad.<br>Puede haber contenidos de terceros que no est\u00e9n desarrollados en esta Unidad, ni bajo su control, como archivos ofim\u00e1ticos de diferentes organismos que deban publicarse en este sitio.<\/p>\n\n\n\n<p><strong>Observaciones y datos de contacto<\/strong><\/p>\n\n\n\n<p>Puede realizar comunicaciones sobre requisitos de accesibilidad [art\u00edculo 10.2.a) del RD 1112\/2018] como, por ejemplo:<\/p>\n\n\n\n<ol class=\"wp-block-list\">\n<li>Informar sobre cualquier posible incumplimiento por parte de este sitio web.<\/li>\n<\/ol>\n\n\n\n<ol class=\"wp-block-list\">\n<li>Transmitir otras dificultades de acceso al contenido.<\/li>\n\n\n\n<li>Formular cualquier otra consulta o sugerencia de mejora relativa a la accesibilidad del sitio web a trav\u00e9s del siguiente\u00a0<strong><a href=\"https:\/\/amarinacamarinas.es\/contacto\/\" data-type=\"page\" data-id=\"90\">formulario de contacto<\/a><\/strong>\u00a0o llamando al <strong>tel\u00e9fono 981 73 71 96 de 9 a 14 horas de lunes a viernes.<\/strong><\/li>\n<\/ol>\n\n\n\n<p>Puede presentar:<\/p>\n\n\n\n<ol class=\"wp-block-list\">\n<li>Una queja relativa al cumplimiento de los requisitos del RD 1112\/2018<\/li>\n\n\n\n<li>Una solicitud de informaci\u00f3n accesible relativa a:<\/li>\n\n\n\n<li>Contenidos que est\u00e1n excluidos del \u00e1mbito de aplicaci\u00f3n del RD 1112\/2018 seg\u00fan lo establecido por el art\u00edculo 3, apartado 4.<\/li>\n\n\n\n<li>Contenidos que est\u00e1n exentos del cumplimiento de los requisitos de accesibilidad por imponer una carga desproporcionada.<\/li>\n<\/ol>\n\n\n\n<p>En la solicitud de informaci\u00f3n accesible, se debe concretar, con toda claridad, los hechos, razones y petici\u00f3n que permitan constatar que se trata de una solicitud razonable y leg\u00edtima.<\/p>\n","protected":false},"excerpt":{"rendered":"<p>La empresa \u00d3scar Manuel Freire Tajes se ha comprometido a hacer accesible su sitio web de conformidad con el Real Decreto 1112\/2018, de 7 de septiembre, sobre accesibilidad de los sitios web y aplicaciones para dispositivos m\u00f3viles del sector p\u00fablico, o desarrollos financiados desde Europa. La presente declaraci\u00f3n de accesibilidad se aplica al sitio web&nbsp;https:\/\/amarinacamarinas.es\/ [&hellip;]<\/p>\n","protected":false},"author":3,"featured_media":0,"parent":0,"menu_order":0,"comment_status":"closed","ping_status":"closed","template":"","meta":{"slim_seo":{"title":"Pol\u00edtica de Accesibilidad - Restaurante A Marina de Camari\u00f1as","description":"La empresa \u00d3scar Manuel Freire Tajes se ha comprometido a hacer accesible su sitio web de conformidad con el Real Decreto 1112\/2018, de 7 de septiembre, sobre a"},"footnotes":""},"class_list":["post-538","page","type-page","status-publish","hentry"],"_links":{"self":[{"href":"https:\/\/amarinacamarinas.es\/en\/wp-json\/wp\/v2\/pages\/538","targetHints":{"allow":["GET"]}}],"collection":[{"href":"https:\/\/amarinacamarinas.es\/en\/wp-json\/wp\/v2\/pages"}],"about":[{"href":"https:\/\/amarinacamarinas.es\/en\/wp-json\/wp\/v2\/types\/page"}],"author":[{"embeddable":true,"href":"https:\/\/amarinacamarinas.es\/en\/wp-json\/wp\/v2\/users\/3"}],"replies":[{"embeddable":true,"href":"https:\/\/amarinacamarinas.es\/en\/wp-json\/wp\/v2\/comments?post=538"}],"version-history":[{"count":0,"href":"https:\/\/amarinacamarinas.es\/en\/wp-json\/wp\/v2\/pages\/538\/revisions"}],"wp:attachment":[{"href":"https:\/\/amarinacamarinas.es\/en\/wp-json\/wp\/v2\/media?parent=538"}],"curies":[{"name":"wp","href":"https:\/\/api.w.org\/{rel}","templated":true}]}}