{"id":539,"date":"2023-05-21T17:50:50","date_gmt":"2023-05-21T15:50:50","guid":{"rendered":"https:\/\/amarinacamarinas.es\/?page_id=539"},"modified":"2025-02-10T19:42:14","modified_gmt":"2025-02-10T18:42:14","slug":"mapa-del-sitio","status":"publish","type":"page","link":"https:\/\/amarinacamarinas.es\/en\/mapa-del-sitio\/","title":{"rendered":"Mapa del Sitio"},"content":{"rendered":"<h2 class=\"wp-block-heading\">Men\u00fa principal<\/h2>\n\n\n\n<ul class=\"wp-block-list\">\n<li><a href=\"\/index.php\/\">Home<\/a><\/li>\n\n\n\n<li><a href=\"\/en\/restaurante\/\">Restaurant<\/a><\/li>\n\n\n\n<li><a href=\"\/en\/equipo\/\">El Equipo<\/a><\/li>\n\n\n\n<li><a href=\"\/en\/carta\/\">Our menu<\/a><\/li>\n\n\n\n<li><a href=\"\/en\/historia\/\">History<\/a><\/li>\n\n\n\n<li><a href=\"\/en\/contacto\/\">Contact<\/a><\/li>\n\n\n\n<li><a href=\"#\" title=\"\">Reservas<\/a><\/li>\n<\/ul>\n\n\n\n<h2 class=\"wp-block-heading\">Men\u00fa Legal<\/h2>\n\n\n\n<ul class=\"wp-block-list\">\n<li><a href=\"\/en\/aviso-legal\/\">Legal Notice<\/a><\/li>\n\n\n\n<li><a href=\"\/en\/politica-de-privacidad\/\">Privacy policy<\/a><\/li>\n\n\n\n<li><a href=\"\/en\/politica-de-cookies\/\">Cookie policy<\/a><\/li>\n\n\n\n<li><a href=\"\/en\/personalizar-cookies\/\">Customize Cookies<\/a><\/li>\n\n\n\n<li><a href=\"\/en\/politica-de-accesibilidad\/\">Pol\u00edtica de accesibilidad<\/a><\/li>\n\n\n\n<li><a href=\"\/en\/mapa-del-sitio\/\">Mapa del sitio<\/a><\/li>\n<\/ul>","protected":false},"excerpt":{"rendered":"<p>Men\u00fa principal Men\u00fa Legal<\/p>","protected":false},"author":3,"featured_media":0,"parent":0,"menu_order":0,"comment_status":"closed","ping_status":"closed","template":"","meta":{"slim_seo":{"title":"Mapa del Sitio - Restaurante A Marina de Camari\u00f1as","description":"Men\u00fa principal Men\u00fa Legal"},"footnotes":""},"class_list":["post-539","page","type-page","status-publish","hentry"],"_links":{"self":[{"href":"https:\/\/amarinacamarinas.es\/en\/wp-json\/wp\/v2\/pages\/539","targetHints":{"allow":["GET"]}}],"collection":[{"href":"https:\/\/amarinacamarinas.es\/en\/wp-json\/wp\/v2\/pages"}],"about":[{"href":"https:\/\/amarinacamarinas.es\/en\/wp-json\/wp\/v2\/types\/page"}],"author":[{"embeddable":true,"href":"https:\/\/amarinacamarinas.es\/en\/wp-json\/wp\/v2\/users\/3"}],"replies":[{"embeddable":true,"href":"https:\/\/amarinacamarinas.es\/en\/wp-json\/wp\/v2\/comments?post=539"}],"version-history":[{"count":0,"href":"https:\/\/amarinacamarinas.es\/en\/wp-json\/wp\/v2\/pages\/539\/revisions"}],"wp:attachment":[{"href":"https:\/\/amarinacamarinas.es\/en\/wp-json\/wp\/v2\/media?parent=539"}],"curies":[{"name":"wp","href":"https:\/\/api.w.org\/{rel}","templated":true}]}}