{"id":549,"date":"2023-05-21T18:06:05","date_gmt":"2023-05-21T16:06:05","guid":{"rendered":"https:\/\/amarinacamarinas.es\/?page_id=549"},"modified":"2025-03-07T21:02:58","modified_gmt":"2025-03-07T20:02:58","slug":"reserva-online","status":"publish","type":"page","link":"https:\/\/amarinacamarinas.es\/en\/reserva-online\/","title":{"rendered":"Reserva Online"},"content":{"rendered":"<div data-elementor-type=\"wp-page\" data-elementor-id=\"549\" class=\"elementor elementor-549\" data-elementor-post-type=\"page\">\n\t\t\t\t<div class=\"elementor-element elementor-element-4e33a8b e-flex e-con-boxed e-con e-parent\" data-id=\"4e33a8b\" data-element_type=\"container\" data-e-type=\"container\" data-settings=\"{&quot;background_background&quot;:&quot;classic&quot;,&quot;jet_parallax_layout_list&quot;:[]}\">\n\t\t\t\t\t<div class=\"e-con-inner\">\n\t\t<div class=\"elementor-element elementor-element-c626b7e e-con-full e-flex e-con e-child\" data-id=\"c626b7e\" data-element_type=\"container\" data-e-type=\"container\" data-settings=\"{&quot;jet_parallax_layout_list&quot;:[]}\">\n\t\t\t\t<div class=\"elementor-element elementor-element-02edd51 elementor-widget elementor-widget-heading\" data-id=\"02edd51\" data-element_type=\"widget\" data-e-type=\"widget\" data-widget_type=\"heading.default\">\n\t\t\t\t<div class=\"elementor-widget-container\">\n\t\t\t\t\t<h3 class=\"elementor-heading-title elementor-size-default\">Descubre A Marina<\/h3>\t\t\t\t<\/div>\n\t\t\t\t<\/div>\n\t\t\t\t<div class=\"elementor-element elementor-element-787e3b7 elementor-widget elementor-widget-heading\" data-id=\"787e3b7\" data-element_type=\"widget\" data-e-type=\"widget\" data-widget_type=\"heading.default\">\n\t\t\t\t<div class=\"elementor-widget-container\">\n\t\t\t\t\t<h1 class=\"elementor-heading-title elementor-size-default\">Reserva online<\/h1>\t\t\t\t<\/div>\n\t\t\t\t<\/div>\n\t\t\t\t<div class=\"elementor-element elementor-element-f5a86f1 elementor-widget elementor-widget-text-editor\" data-id=\"f5a86f1\" data-element_type=\"widget\" data-e-type=\"widget\" data-widget_type=\"text-editor.default\">\n\t\t\t\t<div class=\"elementor-widget-container\">\n\t\t\t\t\t\t\t\t\t<p>Reserva la experiencia en el Restaurante A Marina de Camari\u00f1as de forma online f\u00e1cilmente desde nuestra p\u00e1gina web.<\/p>\t\t\t\t\t\t\t\t<\/div>\n\t\t\t\t<\/div>\n\t\t\t\t<\/div>\n\t\t<div class=\"elementor-element elementor-element-ed76b4c e-con-full e-flex e-con e-child\" data-id=\"ed76b4c\" data-element_type=\"container\" data-e-type=\"container\" data-settings=\"{&quot;jet_parallax_layout_list&quot;:[]}\">\n\t\t\t\t<\/div>\n\t\t\t\t\t<\/div>\n\t\t\t\t<\/div>\n\t\t<div class=\"elementor-element elementor-element-fceff53 e-flex e-con-boxed e-con e-parent\" data-id=\"fceff53\" data-element_type=\"container\" data-e-type=\"container\" data-settings=\"{&quot;jet_parallax_layout_list&quot;:[]}\">\n\t\t\t\t\t<div class=\"e-con-inner\">\n\t\t\t\t<div class=\"elementor-element elementor-element-89a2740 elementor-widget elementor-widget-html\" data-id=\"89a2740\" data-element_type=\"widget\" data-e-type=\"widget\" data-widget_type=\"html.default\">\n\t\t\t\t<div class=\"elementor-widget-container\">\n\t\t\t\t\t<script type=\"text\/javascript\"\n                                                                                        src=\"https:\/\/www.covermanager.com\/js\/iframeResizer.min.js\"><\/script><iframe\n                                                            id=\"restaurante-a-marina-de-camarinas\" title=\"Reservas\"\n                                                            src=\"https:\/\/www.covermanager.com\/reserve\/module_restaurant\/restaurante-a-marina-de-camarinas\/spanish\"\n                                                            allow=\"payment\" frameborder=\"0\" height=\"550\" width=\"100%\" onload=\"iFrameResize();\"><\/iframe>\t\t\t\t<\/div>\n\t\t\t\t<\/div>\n\t\t\t\t\t<\/div>\n\t\t\t\t<\/div>\n\t\t\t\t<\/div>","protected":false},"excerpt":{"rendered":"<p>Descubre A Marina Reserva online Reserva la experiencia en el Restaurante A Marina de Camari\u00f1as de forma online f\u00e1cilmente desde nuestra p\u00e1gina web.<\/p>","protected":false},"author":3,"featured_media":0,"parent":0,"menu_order":0,"comment_status":"closed","ping_status":"closed","template":"","meta":{"slim_seo":{"title":"Reserva Online - Restaurante A Marina de Camari\u00f1as","description":"Descubre A Marina Reserva online Reserva la experiencia en el Restaurante A Marina de Camari\u00f1as de forma online f\u00e1cilmente desde nuestra p\u00e1gina web."},"footnotes":""},"class_list":["post-549","page","type-page","status-publish","hentry"],"_links":{"self":[{"href":"https:\/\/amarinacamarinas.es\/en\/wp-json\/wp\/v2\/pages\/549","targetHints":{"allow":["GET"]}}],"collection":[{"href":"https:\/\/amarinacamarinas.es\/en\/wp-json\/wp\/v2\/pages"}],"about":[{"href":"https:\/\/amarinacamarinas.es\/en\/wp-json\/wp\/v2\/types\/page"}],"author":[{"embeddable":true,"href":"https:\/\/amarinacamarinas.es\/en\/wp-json\/wp\/v2\/users\/3"}],"replies":[{"embeddable":true,"href":"https:\/\/amarinacamarinas.es\/en\/wp-json\/wp\/v2\/comments?post=549"}],"version-history":[{"count":0,"href":"https:\/\/amarinacamarinas.es\/en\/wp-json\/wp\/v2\/pages\/549\/revisions"}],"wp:attachment":[{"href":"https:\/\/amarinacamarinas.es\/en\/wp-json\/wp\/v2\/media?parent=549"}],"curies":[{"name":"wp","href":"https:\/\/api.w.org\/{rel}","templated":true}]}}